{"id":130,"date":"2020-12-26T08:38:04","date_gmt":"2020-12-26T11:38:04","guid":{"rendered":"http:\/\/programagestaointeligente.com.br\/site\/trabalho-medico-copy\/"},"modified":"2020-12-26T10:53:12","modified_gmt":"2020-12-26T13:53:12","slug":"aposentadoria","status":"publish","type":"page","link":"https:\/\/programagestaointeligente.com.br\/site\/aposentadoria\/","title":{"rendered":"Aposentadoria M\u00e9dica e Investimentos"},"content":{"rendered":"\n<div class=\"wp-block-cover alignfull has-background-dim has-parallax is-position-center-center\" style=\"background-image:url(http:\/\/programagestaointeligente.com.br\/site\/wp-content\/uploads\/fluxo-de-trabalho-original-scaled.jpg);background-color:#ff9800;min-height:430px;aspect-ratio:unset;\"><div class=\"wp-block-cover__inner-container is-layout-flow wp-block-cover-is-layout-flow\">\n<div class=\"wp-block-buttons aligncenter is-layout-flex wp-block-buttons-is-layout-flex\">\n<div class=\"wp-block-button is-style-fill\"><a class=\"wp-block-button__link has-text-color has-background\" href=\"http:\/\/programagestaointeligente.com.br\/site\/categoria\/investimento\/\" style=\"border-radius:50px;background-color:#ff6f00;color:#fffffa\"><strong>MAIS APOSENTADORIA M\u00c9DICA E INVESTIMENTOS<\/strong><\/a><\/div>\n<\/div>\n\n\n\n<div class=\"wp-block-columns is-layout-flex wp-container-core-columns-is-layout-9d6595d7 wp-block-columns-is-layout-flex\">\n<div class=\"wp-block-column is-layout-flow wp-block-column-is-layout-flow\"><\/div>\n\n\n\n<div class=\"wp-block-column is-layout-flow wp-block-column-is-layout-flow\">\n<p><strong>Planejamento da Aposentadoria<\/strong><\/p>\n\n\n\n<p class=\"has-text-align-right\">Sobre a import\u00e2ncia ou necessidade de planejar uma aposentadoria por conta pr\u00f3pria, em termos de prazo e valor da aposentadoria<\/p>\n\n\n\n<p><strong>Patrim\u00f4nio e Investimentos<\/strong><\/p>\n\n\n\n<p class=\"has-text-align-right\">Sobre forma\u00e7\u00e3o de patrim\u00f4nio para aplica\u00e7\u00e3o em investimentos visando a aposentadoria da profiss\u00e3o m\u00e9dica<\/p>\n\n\n\n<p><strong>Juros em D\u00edvidas e Aplica\u00e7\u00f5es Financeiras<\/strong><\/p>\n\n\n\n<p class=\"has-text-align-right\">Sobre o estudo dos juros em rela\u00e7\u00e3o ao valor do dinheiro ao longo do tempo? Especificamente falando em finan\u00e7as pessoais, d\u00edvidas pessoais, honor\u00e1rio profissionais, investimentos e aposentadoria<\/p>\n\n\n\n<p><strong>Economia e Indicadores Econ\u00f4micos<\/strong><\/p>\n\n\n\n<p class=\"has-text-align-right\">Sobre a import\u00e2ncia ou necessidade de aprimorar os conhecimentos sobre os indicadores econ\u00f4micos como CDI, Selic, PIB e o funcionamento da economia em rela\u00e7\u00e3o \u00e0 vida di\u00e1ria do m\u00e9dico e da atividade profissional<\/p>\n\n\n\n<p><strong>Investimentos Seguros ou com Risco<\/strong><\/p>\n\n\n\n<p class=\"has-text-align-right\">Sobre os diferentes tipos de ativos financeiros com maior ou menor grau de seguran\u00e7a e suas respectivas rentabilidades, ou \u201ccomo realizar investimentos que sejam seguros para o meu est\u00f4mago\u201d? Por exemplo, im\u00f3veis, autom\u00f3veis, empreendedorismo e neg\u00f3cios (pr\u00f3prio como o consult\u00f3rio, ou de terceiro como lojas), aplica\u00e7\u00f5es banc\u00e1rias, bolsa de valores, t\u00edtulos de cr\u00e9dito e deb\u00eantures, etc<\/p>\n<\/div>\n\n\n\n<div class=\"wp-block-column is-layout-flow wp-block-column-is-layout-flow\"><\/div>\n<\/div>\n\n\n\n<div class=\"wp-block-buttons aligncenter is-layout-flex wp-block-buttons-is-layout-flex\">\n<div class=\"wp-block-button is-style-fill\"><a class=\"wp-block-button__link has-text-color has-background\" href=\"http:\/\/programagestaointeligente.com.br\/site\/categoria\/investimento\/\" style=\"border-radius:50px;background-color:#ff6f00;color:#fffffa\"><strong>MAIS APOSENTADORIA M\u00c9DICA E INVESTIMENTOS<\/strong><\/a><\/div>\n<\/div>\n<\/div><\/div>\n\n\n\n<div class=\"wp-block-buttons aligncenter is-layout-flex wp-block-buttons-is-layout-flex\">\n<div class=\"wp-block-button is-style-outline is-style-outline--2\"><a class=\"wp-block-button__link has-midnight-grey-color has-text-color\" href=\"https:\/\/programagestaointeligente.com.br\/site\/programa-gestao-inteligente\/\" style=\"border-radius:50px\"><strong><strong>MAIS PROGRAMA GEST\u00c3O INTELIGENTE<\/strong><\/strong><\/a><\/div>\n<\/div>\n\n\n\n<p><\/p>\n","protected":false},"excerpt":{"rendered":"<p>MAIS APOSENTADORIA M\u00c9DICA E INVESTIMENTOS Planejamento da Aposentadoria Sobre a import\u00e2ncia ou necessidade de planejar uma aposentadoria por conta pr\u00f3pria, em termos de prazo e valor da aposentadoria Patrim\u00f4nio e Investimentos Sobre forma\u00e7\u00e3o de patrim\u00f4nio para aplica\u00e7\u00e3o em investimentos visando a aposentadoria da profiss\u00e3o m\u00e9dica Juros em D\u00edvidas e Aplica\u00e7\u00f5es Financeiras Sobre o estudo dos juros em rela\u00e7\u00e3o ao valor do dinheiro ao longo do tempo? Especificamente falando em finan\u00e7as pessoais, d\u00edvidas pessoais, honor\u00e1rio profissionais, investimentos e aposentadoria Economia e Indicadores Econ\u00f4micos Sobre a import\u00e2ncia <a href=\"https:\/\/programagestaointeligente.com.br\/site\/aposentadoria\/\" class=\"more-link\"><span>Leia mais<\/span>\u2192<\/a><\/p>\n","protected":false},"author":1,"featured_media":0,"parent":0,"menu_order":5,"comment_status":"closed","ping_status":"closed","template":"templates\/tpl-helper-pb.php","meta":{"footnotes":""},"class_list":["entry","author-fausto-stangler","post-130","page","type-page","status-publish"],"yoast_head":"<!-- This site is optimized with the Yoast SEO plugin v27.4 - https:\/\/yoast.com\/product\/yoast-seo-wordpress\/ -->\n<title>Aposentadoria M\u00e9dica e Investimentos - Programa Gest\u00e3o Inteligente<\/title>\n<meta name=\"robots\" content=\"index, follow, max-snippet:-1, max-image-preview:large, max-video-preview:-1\" \/>\n<link rel=\"canonical\" href=\"https:\/\/programagestaointeligente.com.br\/site\/aposentadoria\/\" \/>\n<meta property=\"og:locale\" content=\"pt_BR\" \/>\n<meta property=\"og:type\" content=\"article\" \/>\n<meta property=\"og:title\" content=\"Aposentadoria M\u00e9dica e Investimentos - Programa Gest\u00e3o Inteligente\" \/>\n<meta property=\"og:description\" content=\"MAIS APOSENTADORIA M\u00c9DICA E INVESTIMENTOS Planejamento da Aposentadoria Sobre a import\u00e2ncia ou necessidade de planejar uma aposentadoria por conta pr\u00f3pria, em termos de prazo e valor da aposentadoria Patrim\u00f4nio e Investimentos Sobre forma\u00e7\u00e3o de patrim\u00f4nio para aplica\u00e7\u00e3o em investimentos visando a aposentadoria da profiss\u00e3o m\u00e9dica Juros em D\u00edvidas e Aplica\u00e7\u00f5es Financeiras Sobre o estudo dos juros em rela\u00e7\u00e3o ao valor do dinheiro ao longo do tempo? Especificamente falando em finan\u00e7as pessoais, d\u00edvidas pessoais, honor\u00e1rio profissionais, investimentos e aposentadoria Economia e Indicadores Econ\u00f4micos Sobre a import\u00e2ncia Leia mais\u2192\" \/>\n<meta property=\"og:url\" content=\"https:\/\/programagestaointeligente.com.br\/site\/aposentadoria\/\" \/>\n<meta property=\"og:site_name\" content=\"Programa Gest\u00e3o Inteligente\" \/>\n<meta property=\"article:modified_time\" content=\"2020-12-26T13:53:12+00:00\" \/>\n<meta name=\"twitter:card\" content=\"summary_large_image\" \/>\n<meta name=\"twitter:label1\" content=\"Est. tempo de leitura\" \/>\n\t<meta name=\"twitter:data1\" content=\"1 minuto\" \/>\n<script type=\"application\/ld+json\" class=\"yoast-schema-graph\">{\"@context\":\"https:\\\/\\\/schema.org\",\"@graph\":[{\"@type\":\"WebPage\",\"@id\":\"https:\\\/\\\/programagestaointeligente.com.br\\\/site\\\/aposentadoria\\\/\",\"url\":\"https:\\\/\\\/programagestaointeligente.com.br\\\/site\\\/aposentadoria\\\/\",\"name\":\"Aposentadoria M\u00e9dica e Investimentos - Programa Gest\u00e3o Inteligente\",\"isPartOf\":{\"@id\":\"https:\\\/\\\/programagestaointeligente.com.br\\\/site\\\/#website\"},\"datePublished\":\"2020-12-26T11:38:04+00:00\",\"dateModified\":\"2020-12-26T13:53:12+00:00\",\"breadcrumb\":{\"@id\":\"https:\\\/\\\/programagestaointeligente.com.br\\\/site\\\/aposentadoria\\\/#breadcrumb\"},\"inLanguage\":\"pt-BR\",\"potentialAction\":[{\"@type\":\"ReadAction\",\"target\":[\"https:\\\/\\\/programagestaointeligente.com.br\\\/site\\\/aposentadoria\\\/\"]}]},{\"@type\":\"BreadcrumbList\",\"@id\":\"https:\\\/\\\/programagestaointeligente.com.br\\\/site\\\/aposentadoria\\\/#breadcrumb\",\"itemListElement\":[{\"@type\":\"ListItem\",\"position\":1,\"name\":\"In\u00edcio\",\"item\":\"https:\\\/\\\/programagestaointeligente.com.br\\\/site\\\/\"},{\"@type\":\"ListItem\",\"position\":2,\"name\":\"Aposentadoria M\u00e9dica e Investimentos\"}]},{\"@type\":\"WebSite\",\"@id\":\"https:\\\/\\\/programagestaointeligente.com.br\\\/site\\\/#website\",\"url\":\"https:\\\/\\\/programagestaointeligente.com.br\\\/site\\\/\",\"name\":\"Programa Gest\u00e3o Inteligente\",\"description\":\"A Gest\u00e3o Inteligente do Consult\u00f3rio permite identificar e selecionar os melhores pacientes, ser bem remunerado por isso, e atingir mais qualidade de vida com menos desgaste profissional\",\"publisher\":{\"@id\":\"https:\\\/\\\/programagestaointeligente.com.br\\\/site\\\/#organization\"},\"potentialAction\":[{\"@type\":\"SearchAction\",\"target\":{\"@type\":\"EntryPoint\",\"urlTemplate\":\"https:\\\/\\\/programagestaointeligente.com.br\\\/site\\\/?s={search_term_string}\"},\"query-input\":{\"@type\":\"PropertyValueSpecification\",\"valueRequired\":true,\"valueName\":\"search_term_string\"}}],\"inLanguage\":\"pt-BR\"},{\"@type\":\"Organization\",\"@id\":\"https:\\\/\\\/programagestaointeligente.com.br\\\/site\\\/#organization\",\"name\":\"Programa Gest\u00e3o Inteligente\",\"url\":\"https:\\\/\\\/programagestaointeligente.com.br\\\/site\\\/\",\"logo\":{\"@type\":\"ImageObject\",\"inLanguage\":\"pt-BR\",\"@id\":\"https:\\\/\\\/programagestaointeligente.com.br\\\/site\\\/#\\\/schema\\\/logo\\\/image\\\/\",\"url\":\"https:\\\/\\\/programagestaointeligente.com.br\\\/site\\\/wp-content\\\/uploads\\\/2020\\\/10\\\/logo_PGI.png\",\"contentUrl\":\"https:\\\/\\\/programagestaointeligente.com.br\\\/site\\\/wp-content\\\/uploads\\\/2020\\\/10\\\/logo_PGI.png\",\"width\":1600,\"height\":1600,\"caption\":\"Programa Gest\u00e3o Inteligente\"},\"image\":{\"@id\":\"https:\\\/\\\/programagestaointeligente.com.br\\\/site\\\/#\\\/schema\\\/logo\\\/image\\\/\"}}]}<\/script>\n<!-- \/ Yoast SEO plugin. -->","yoast_head_json":{"title":"Aposentadoria M\u00e9dica e Investimentos - Programa Gest\u00e3o Inteligente","robots":{"index":"index","follow":"follow","max-snippet":"max-snippet:-1","max-image-preview":"max-image-preview:large","max-video-preview":"max-video-preview:-1"},"canonical":"https:\/\/programagestaointeligente.com.br\/site\/aposentadoria\/","og_locale":"pt_BR","og_type":"article","og_title":"Aposentadoria M\u00e9dica e Investimentos - Programa Gest\u00e3o Inteligente","og_description":"MAIS APOSENTADORIA M\u00c9DICA E INVESTIMENTOS Planejamento da Aposentadoria Sobre a import\u00e2ncia ou necessidade de planejar uma aposentadoria por conta pr\u00f3pria, em termos de prazo e valor da aposentadoria Patrim\u00f4nio e Investimentos Sobre forma\u00e7\u00e3o de patrim\u00f4nio para aplica\u00e7\u00e3o em investimentos visando a aposentadoria da profiss\u00e3o m\u00e9dica Juros em D\u00edvidas e Aplica\u00e7\u00f5es Financeiras Sobre o estudo dos juros em rela\u00e7\u00e3o ao valor do dinheiro ao longo do tempo? Especificamente falando em finan\u00e7as pessoais, d\u00edvidas pessoais, honor\u00e1rio profissionais, investimentos e aposentadoria Economia e Indicadores Econ\u00f4micos Sobre a import\u00e2ncia Leia mais\u2192","og_url":"https:\/\/programagestaointeligente.com.br\/site\/aposentadoria\/","og_site_name":"Programa Gest\u00e3o Inteligente","article_modified_time":"2020-12-26T13:53:12+00:00","twitter_card":"summary_large_image","twitter_misc":{"Est. tempo de leitura":"1 minuto"},"schema":{"@context":"https:\/\/schema.org","@graph":[{"@type":"WebPage","@id":"https:\/\/programagestaointeligente.com.br\/site\/aposentadoria\/","url":"https:\/\/programagestaointeligente.com.br\/site\/aposentadoria\/","name":"Aposentadoria M\u00e9dica e Investimentos - Programa Gest\u00e3o Inteligente","isPartOf":{"@id":"https:\/\/programagestaointeligente.com.br\/site\/#website"},"datePublished":"2020-12-26T11:38:04+00:00","dateModified":"2020-12-26T13:53:12+00:00","breadcrumb":{"@id":"https:\/\/programagestaointeligente.com.br\/site\/aposentadoria\/#breadcrumb"},"inLanguage":"pt-BR","potentialAction":[{"@type":"ReadAction","target":["https:\/\/programagestaointeligente.com.br\/site\/aposentadoria\/"]}]},{"@type":"BreadcrumbList","@id":"https:\/\/programagestaointeligente.com.br\/site\/aposentadoria\/#breadcrumb","itemListElement":[{"@type":"ListItem","position":1,"name":"In\u00edcio","item":"https:\/\/programagestaointeligente.com.br\/site\/"},{"@type":"ListItem","position":2,"name":"Aposentadoria M\u00e9dica e Investimentos"}]},{"@type":"WebSite","@id":"https:\/\/programagestaointeligente.com.br\/site\/#website","url":"https:\/\/programagestaointeligente.com.br\/site\/","name":"Programa Gest\u00e3o Inteligente","description":"A Gest\u00e3o Inteligente do Consult\u00f3rio permite identificar e selecionar os melhores pacientes, ser bem remunerado por isso, e atingir mais qualidade de vida com menos desgaste profissional","publisher":{"@id":"https:\/\/programagestaointeligente.com.br\/site\/#organization"},"potentialAction":[{"@type":"SearchAction","target":{"@type":"EntryPoint","urlTemplate":"https:\/\/programagestaointeligente.com.br\/site\/?s={search_term_string}"},"query-input":{"@type":"PropertyValueSpecification","valueRequired":true,"valueName":"search_term_string"}}],"inLanguage":"pt-BR"},{"@type":"Organization","@id":"https:\/\/programagestaointeligente.com.br\/site\/#organization","name":"Programa Gest\u00e3o Inteligente","url":"https:\/\/programagestaointeligente.com.br\/site\/","logo":{"@type":"ImageObject","inLanguage":"pt-BR","@id":"https:\/\/programagestaointeligente.com.br\/site\/#\/schema\/logo\/image\/","url":"https:\/\/programagestaointeligente.com.br\/site\/wp-content\/uploads\/2020\/10\/logo_PGI.png","contentUrl":"https:\/\/programagestaointeligente.com.br\/site\/wp-content\/uploads\/2020\/10\/logo_PGI.png","width":1600,"height":1600,"caption":"Programa Gest\u00e3o Inteligente"},"image":{"@id":"https:\/\/programagestaointeligente.com.br\/site\/#\/schema\/logo\/image\/"}}]}},"_links":{"self":[{"href":"https:\/\/programagestaointeligente.com.br\/site\/wp-json\/wp\/v2\/pages\/130","targetHints":{"allow":["GET"]}}],"collection":[{"href":"https:\/\/programagestaointeligente.com.br\/site\/wp-json\/wp\/v2\/pages"}],"about":[{"href":"https:\/\/programagestaointeligente.com.br\/site\/wp-json\/wp\/v2\/types\/page"}],"author":[{"embeddable":true,"href":"https:\/\/programagestaointeligente.com.br\/site\/wp-json\/wp\/v2\/users\/1"}],"replies":[{"embeddable":true,"href":"https:\/\/programagestaointeligente.com.br\/site\/wp-json\/wp\/v2\/comments?post=130"}],"version-history":[{"count":4,"href":"https:\/\/programagestaointeligente.com.br\/site\/wp-json\/wp\/v2\/pages\/130\/revisions"}],"predecessor-version":[{"id":234,"href":"https:\/\/programagestaointeligente.com.br\/site\/wp-json\/wp\/v2\/pages\/130\/revisions\/234"}],"wp:attachment":[{"href":"https:\/\/programagestaointeligente.com.br\/site\/wp-json\/wp\/v2\/media?parent=130"}],"curies":[{"name":"wp","href":"https:\/\/api.w.org\/{rel}","templated":true}]}}