{"id":124,"date":"2020-12-26T08:34:25","date_gmt":"2020-12-26T11:34:25","guid":{"rendered":"http:\/\/programagestaointeligente.com.br\/site\/mercado-copy\/"},"modified":"2020-12-26T10:52:34","modified_gmt":"2020-12-26T13:52:34","slug":"contabilidade","status":"publish","type":"page","link":"https:\/\/programagestaointeligente.com.br\/site\/contabilidade\/","title":{"rendered":"Contabilidade M\u00e9dica"},"content":{"rendered":"\n<div class=\"wp-block-cover alignfull has-background-dim has-parallax is-position-center-center\" style=\"background-image:url(http:\/\/programagestaointeligente.com.br\/site\/wp-content\/uploads\/fluxo-de-trabalho-original-scaled.jpg);background-color:#ff9800;min-height:430px;aspect-ratio:unset;\"><div class=\"wp-block-cover__inner-container is-layout-flow wp-block-cover-is-layout-flow\">\n<div class=\"wp-block-buttons aligncenter is-layout-flex wp-block-buttons-is-layout-flex\">\n<div class=\"wp-block-button is-style-fill\"><a class=\"wp-block-button__link has-text-color has-background\" href=\"http:\/\/programagestaointeligente.com.br\/site\/categoria\/contabilidade\/\" style=\"border-radius:50px;background-color:#ff6f00;color:#fffffa\"><strong>MAIS CONTABILIDADE M\u00c9DICA<\/strong><\/a><\/div>\n<\/div>\n\n\n\n<div class=\"wp-block-columns is-layout-flex wp-container-core-columns-is-layout-9d6595d7 wp-block-columns-is-layout-flex\">\n<div class=\"wp-block-column is-layout-flow wp-block-column-is-layout-flow\"><\/div>\n\n\n\n<div class=\"wp-block-column is-layout-flow wp-block-column-is-layout-flow\">\n<p><strong>Pessoa F\u00edsica e Jur\u00eddica<\/strong><\/p>\n\n\n\n<p class=\"has-text-align-right\">Sobre a import\u00e2ncia ou necessidade de constituir pessoa jur\u00eddica para o exerc\u00edcio da profiss\u00e3o<\/p>\n\n\n\n<p><strong>Tributa\u00e7\u00e3o no Brasil<\/strong><\/p>\n\n\n\n<p class=\"has-text-align-right\">Sobre a import\u00e2ncia de dominar as diferentes formas de tributa\u00e7\u00e3o entre pessoa f\u00edsica e lucro real ou presumido da pessoa jur\u00eddica e as vantagens e desvantagens fiscais de cada op\u00e7\u00e3o<\/p>\n\n\n\n<p><strong>Regime Trabalhista M\u00e9dico<\/strong><\/p>\n\n\n\n<p class=\"has-text-align-right\">Sobre as vantagens e desvantagens das diferentes modalidades de trabalho m\u00e9dico, entre elas o exerc\u00edcio liberal da profiss\u00e3o, a contrata\u00e7\u00e3o por CLT, a terceiriza\u00e7\u00e3o via PJ, a parceria com cl\u00ednicas de colegas ou mesmo a informalidade<\/p>\n\n\n\n<p><strong>Regime de Caixa e Regime de Compet\u00eancia<\/strong><\/p>\n\n\n\n<p class=\"has-text-align-right\">Sobre as diferen\u00e7as entre a movimenta\u00e7\u00e3o financeira pelo regime de fluxo de caixa di\u00e1rio do consult\u00f3rio e pelo regime de compet\u00eancia cont\u00e1bil<\/p>\n<\/div>\n\n\n\n<div class=\"wp-block-column is-layout-flow wp-block-column-is-layout-flow\"><\/div>\n<\/div>\n\n\n\n<div class=\"wp-block-buttons aligncenter is-layout-flex wp-block-buttons-is-layout-flex\">\n<div class=\"wp-block-button is-style-fill\"><a class=\"wp-block-button__link has-text-color has-background\" href=\"http:\/\/programagestaointeligente.com.br\/site\/categoria\/contabilidade\/\" style=\"border-radius:50px;background-color:#ff6f00;color:#fffffa\"><strong>MAIS CONTABILIDADE M\u00c9DICA<\/strong><\/a><\/div>\n<\/div>\n<\/div><\/div>\n\n\n\n<div class=\"wp-block-buttons aligncenter is-layout-flex wp-block-buttons-is-layout-flex\">\n<div class=\"wp-block-button is-style-outline is-style-outline--2\"><a class=\"wp-block-button__link has-midnight-grey-color has-text-color\" href=\"https:\/\/programagestaointeligente.com.br\/site\/programa-gestao-inteligente\/\" style=\"border-radius:50px\"><strong><strong>MAIS PROGRAMA GEST\u00c3O INTELIGENTE<\/strong><\/strong><\/a><\/div>\n<\/div>\n\n\n\n<p><\/p>\n","protected":false},"excerpt":{"rendered":"<p>MAIS CONTABILIDADE M\u00c9DICA Pessoa F\u00edsica e Jur\u00eddica Sobre a import\u00e2ncia ou necessidade de constituir pessoa jur\u00eddica para o exerc\u00edcio da profiss\u00e3o Tributa\u00e7\u00e3o no Brasil Sobre a import\u00e2ncia de dominar as diferentes formas de tributa\u00e7\u00e3o entre pessoa f\u00edsica e lucro real ou presumido da pessoa jur\u00eddica e as vantagens e desvantagens fiscais de cada op\u00e7\u00e3o Regime Trabalhista M\u00e9dico Sobre as vantagens e desvantagens das diferentes modalidades de trabalho m\u00e9dico, entre elas o exerc\u00edcio liberal da profiss\u00e3o, a contrata\u00e7\u00e3o por CLT, a terceiriza\u00e7\u00e3o via PJ, a parceria <a href=\"https:\/\/programagestaointeligente.com.br\/site\/contabilidade\/\" class=\"more-link\"><span>Leia mais<\/span>\u2192<\/a><\/p>\n","protected":false},"author":1,"featured_media":0,"parent":0,"menu_order":2,"comment_status":"closed","ping_status":"closed","template":"templates\/tpl-helper-pb.php","meta":{"footnotes":""},"class_list":["entry","author-fausto-stangler","post-124","page","type-page","status-publish"],"yoast_head":"<!-- This site is optimized with the Yoast SEO plugin v27.4 - https:\/\/yoast.com\/product\/yoast-seo-wordpress\/ -->\n<title>Contabilidade M\u00e9dica - Programa Gest\u00e3o Inteligente<\/title>\n<meta name=\"robots\" content=\"index, follow, max-snippet:-1, max-image-preview:large, max-video-preview:-1\" \/>\n<link rel=\"canonical\" href=\"https:\/\/programagestaointeligente.com.br\/site\/contabilidade\/\" \/>\n<meta property=\"og:locale\" content=\"pt_BR\" \/>\n<meta property=\"og:type\" content=\"article\" \/>\n<meta property=\"og:title\" content=\"Contabilidade M\u00e9dica - Programa Gest\u00e3o Inteligente\" \/>\n<meta property=\"og:description\" content=\"MAIS CONTABILIDADE M\u00c9DICA Pessoa F\u00edsica e Jur\u00eddica Sobre a import\u00e2ncia ou necessidade de constituir pessoa jur\u00eddica para o exerc\u00edcio da profiss\u00e3o Tributa\u00e7\u00e3o no Brasil Sobre a import\u00e2ncia de dominar as diferentes formas de tributa\u00e7\u00e3o entre pessoa f\u00edsica e lucro real ou presumido da pessoa jur\u00eddica e as vantagens e desvantagens fiscais de cada op\u00e7\u00e3o Regime Trabalhista M\u00e9dico Sobre as vantagens e desvantagens das diferentes modalidades de trabalho m\u00e9dico, entre elas o exerc\u00edcio liberal da profiss\u00e3o, a contrata\u00e7\u00e3o por CLT, a terceiriza\u00e7\u00e3o via PJ, a parceria Leia mais\u2192\" \/>\n<meta property=\"og:url\" content=\"https:\/\/programagestaointeligente.com.br\/site\/contabilidade\/\" \/>\n<meta property=\"og:site_name\" content=\"Programa Gest\u00e3o Inteligente\" \/>\n<meta property=\"article:modified_time\" content=\"2020-12-26T13:52:34+00:00\" \/>\n<meta name=\"twitter:card\" content=\"summary_large_image\" \/>\n<meta name=\"twitter:label1\" content=\"Est. tempo de leitura\" \/>\n\t<meta name=\"twitter:data1\" content=\"1 minuto\" \/>\n<script type=\"application\/ld+json\" class=\"yoast-schema-graph\">{\"@context\":\"https:\\\/\\\/schema.org\",\"@graph\":[{\"@type\":\"WebPage\",\"@id\":\"https:\\\/\\\/programagestaointeligente.com.br\\\/site\\\/contabilidade\\\/\",\"url\":\"https:\\\/\\\/programagestaointeligente.com.br\\\/site\\\/contabilidade\\\/\",\"name\":\"Contabilidade M\u00e9dica - Programa Gest\u00e3o Inteligente\",\"isPartOf\":{\"@id\":\"https:\\\/\\\/programagestaointeligente.com.br\\\/site\\\/#website\"},\"datePublished\":\"2020-12-26T11:34:25+00:00\",\"dateModified\":\"2020-12-26T13:52:34+00:00\",\"breadcrumb\":{\"@id\":\"https:\\\/\\\/programagestaointeligente.com.br\\\/site\\\/contabilidade\\\/#breadcrumb\"},\"inLanguage\":\"pt-BR\",\"potentialAction\":[{\"@type\":\"ReadAction\",\"target\":[\"https:\\\/\\\/programagestaointeligente.com.br\\\/site\\\/contabilidade\\\/\"]}]},{\"@type\":\"BreadcrumbList\",\"@id\":\"https:\\\/\\\/programagestaointeligente.com.br\\\/site\\\/contabilidade\\\/#breadcrumb\",\"itemListElement\":[{\"@type\":\"ListItem\",\"position\":1,\"name\":\"In\u00edcio\",\"item\":\"https:\\\/\\\/programagestaointeligente.com.br\\\/site\\\/\"},{\"@type\":\"ListItem\",\"position\":2,\"name\":\"Contabilidade M\u00e9dica\"}]},{\"@type\":\"WebSite\",\"@id\":\"https:\\\/\\\/programagestaointeligente.com.br\\\/site\\\/#website\",\"url\":\"https:\\\/\\\/programagestaointeligente.com.br\\\/site\\\/\",\"name\":\"Programa Gest\u00e3o Inteligente\",\"description\":\"A Gest\u00e3o Inteligente do Consult\u00f3rio permite identificar e selecionar os melhores pacientes, ser bem remunerado por isso, e atingir mais qualidade de vida com menos desgaste profissional\",\"publisher\":{\"@id\":\"https:\\\/\\\/programagestaointeligente.com.br\\\/site\\\/#organization\"},\"potentialAction\":[{\"@type\":\"SearchAction\",\"target\":{\"@type\":\"EntryPoint\",\"urlTemplate\":\"https:\\\/\\\/programagestaointeligente.com.br\\\/site\\\/?s={search_term_string}\"},\"query-input\":{\"@type\":\"PropertyValueSpecification\",\"valueRequired\":true,\"valueName\":\"search_term_string\"}}],\"inLanguage\":\"pt-BR\"},{\"@type\":\"Organization\",\"@id\":\"https:\\\/\\\/programagestaointeligente.com.br\\\/site\\\/#organization\",\"name\":\"Programa Gest\u00e3o Inteligente\",\"url\":\"https:\\\/\\\/programagestaointeligente.com.br\\\/site\\\/\",\"logo\":{\"@type\":\"ImageObject\",\"inLanguage\":\"pt-BR\",\"@id\":\"https:\\\/\\\/programagestaointeligente.com.br\\\/site\\\/#\\\/schema\\\/logo\\\/image\\\/\",\"url\":\"https:\\\/\\\/programagestaointeligente.com.br\\\/site\\\/wp-content\\\/uploads\\\/2020\\\/10\\\/logo_PGI.png\",\"contentUrl\":\"https:\\\/\\\/programagestaointeligente.com.br\\\/site\\\/wp-content\\\/uploads\\\/2020\\\/10\\\/logo_PGI.png\",\"width\":1600,\"height\":1600,\"caption\":\"Programa Gest\u00e3o Inteligente\"},\"image\":{\"@id\":\"https:\\\/\\\/programagestaointeligente.com.br\\\/site\\\/#\\\/schema\\\/logo\\\/image\\\/\"}}]}<\/script>\n<!-- \/ Yoast SEO plugin. -->","yoast_head_json":{"title":"Contabilidade M\u00e9dica - Programa Gest\u00e3o Inteligente","robots":{"index":"index","follow":"follow","max-snippet":"max-snippet:-1","max-image-preview":"max-image-preview:large","max-video-preview":"max-video-preview:-1"},"canonical":"https:\/\/programagestaointeligente.com.br\/site\/contabilidade\/","og_locale":"pt_BR","og_type":"article","og_title":"Contabilidade M\u00e9dica - Programa Gest\u00e3o Inteligente","og_description":"MAIS CONTABILIDADE M\u00c9DICA Pessoa F\u00edsica e Jur\u00eddica Sobre a import\u00e2ncia ou necessidade de constituir pessoa jur\u00eddica para o exerc\u00edcio da profiss\u00e3o Tributa\u00e7\u00e3o no Brasil Sobre a import\u00e2ncia de dominar as diferentes formas de tributa\u00e7\u00e3o entre pessoa f\u00edsica e lucro real ou presumido da pessoa jur\u00eddica e as vantagens e desvantagens fiscais de cada op\u00e7\u00e3o Regime Trabalhista M\u00e9dico Sobre as vantagens e desvantagens das diferentes modalidades de trabalho m\u00e9dico, entre elas o exerc\u00edcio liberal da profiss\u00e3o, a contrata\u00e7\u00e3o por CLT, a terceiriza\u00e7\u00e3o via PJ, a parceria Leia mais\u2192","og_url":"https:\/\/programagestaointeligente.com.br\/site\/contabilidade\/","og_site_name":"Programa Gest\u00e3o Inteligente","article_modified_time":"2020-12-26T13:52:34+00:00","twitter_card":"summary_large_image","twitter_misc":{"Est. tempo de leitura":"1 minuto"},"schema":{"@context":"https:\/\/schema.org","@graph":[{"@type":"WebPage","@id":"https:\/\/programagestaointeligente.com.br\/site\/contabilidade\/","url":"https:\/\/programagestaointeligente.com.br\/site\/contabilidade\/","name":"Contabilidade M\u00e9dica - Programa Gest\u00e3o Inteligente","isPartOf":{"@id":"https:\/\/programagestaointeligente.com.br\/site\/#website"},"datePublished":"2020-12-26T11:34:25+00:00","dateModified":"2020-12-26T13:52:34+00:00","breadcrumb":{"@id":"https:\/\/programagestaointeligente.com.br\/site\/contabilidade\/#breadcrumb"},"inLanguage":"pt-BR","potentialAction":[{"@type":"ReadAction","target":["https:\/\/programagestaointeligente.com.br\/site\/contabilidade\/"]}]},{"@type":"BreadcrumbList","@id":"https:\/\/programagestaointeligente.com.br\/site\/contabilidade\/#breadcrumb","itemListElement":[{"@type":"ListItem","position":1,"name":"In\u00edcio","item":"https:\/\/programagestaointeligente.com.br\/site\/"},{"@type":"ListItem","position":2,"name":"Contabilidade M\u00e9dica"}]},{"@type":"WebSite","@id":"https:\/\/programagestaointeligente.com.br\/site\/#website","url":"https:\/\/programagestaointeligente.com.br\/site\/","name":"Programa Gest\u00e3o Inteligente","description":"A Gest\u00e3o Inteligente do Consult\u00f3rio permite identificar e selecionar os melhores pacientes, ser bem remunerado por isso, e atingir mais qualidade de vida com menos desgaste profissional","publisher":{"@id":"https:\/\/programagestaointeligente.com.br\/site\/#organization"},"potentialAction":[{"@type":"SearchAction","target":{"@type":"EntryPoint","urlTemplate":"https:\/\/programagestaointeligente.com.br\/site\/?s={search_term_string}"},"query-input":{"@type":"PropertyValueSpecification","valueRequired":true,"valueName":"search_term_string"}}],"inLanguage":"pt-BR"},{"@type":"Organization","@id":"https:\/\/programagestaointeligente.com.br\/site\/#organization","name":"Programa Gest\u00e3o Inteligente","url":"https:\/\/programagestaointeligente.com.br\/site\/","logo":{"@type":"ImageObject","inLanguage":"pt-BR","@id":"https:\/\/programagestaointeligente.com.br\/site\/#\/schema\/logo\/image\/","url":"https:\/\/programagestaointeligente.com.br\/site\/wp-content\/uploads\/2020\/10\/logo_PGI.png","contentUrl":"https:\/\/programagestaointeligente.com.br\/site\/wp-content\/uploads\/2020\/10\/logo_PGI.png","width":1600,"height":1600,"caption":"Programa Gest\u00e3o Inteligente"},"image":{"@id":"https:\/\/programagestaointeligente.com.br\/site\/#\/schema\/logo\/image\/"}}]}},"_links":{"self":[{"href":"https:\/\/programagestaointeligente.com.br\/site\/wp-json\/wp\/v2\/pages\/124","targetHints":{"allow":["GET"]}}],"collection":[{"href":"https:\/\/programagestaointeligente.com.br\/site\/wp-json\/wp\/v2\/pages"}],"about":[{"href":"https:\/\/programagestaointeligente.com.br\/site\/wp-json\/wp\/v2\/types\/page"}],"author":[{"embeddable":true,"href":"https:\/\/programagestaointeligente.com.br\/site\/wp-json\/wp\/v2\/users\/1"}],"replies":[{"embeddable":true,"href":"https:\/\/programagestaointeligente.com.br\/site\/wp-json\/wp\/v2\/comments?post=124"}],"version-history":[{"count":4,"href":"https:\/\/programagestaointeligente.com.br\/site\/wp-json\/wp\/v2\/pages\/124\/revisions"}],"predecessor-version":[{"id":231,"href":"https:\/\/programagestaointeligente.com.br\/site\/wp-json\/wp\/v2\/pages\/124\/revisions\/231"}],"wp:attachment":[{"href":"https:\/\/programagestaointeligente.com.br\/site\/wp-json\/wp\/v2\/media?parent=124"}],"curies":[{"name":"wp","href":"https:\/\/api.w.org\/{rel}","templated":true}]}}