{"id":121,"date":"2020-12-26T08:33:00","date_gmt":"2020-12-26T11:33:00","guid":{"rendered":"http:\/\/programagestaointeligente.com.br\/site\/programa-gestao-inteligente-copy\/"},"modified":"2020-12-26T10:52:19","modified_gmt":"2020-12-26T13:52:19","slug":"mercado","status":"publish","type":"page","link":"https:\/\/programagestaointeligente.com.br\/site\/mercado\/","title":{"rendered":"Estudo do Mercado"},"content":{"rendered":"\n<div class=\"wp-block-cover alignfull has-background-dim has-parallax is-position-center-center\" style=\"background-image:url(http:\/\/programagestaointeligente.com.br\/site\/wp-content\/uploads\/fluxo-de-trabalho-original-scaled.jpg);background-color:#ff9800;min-height:430px;aspect-ratio:unset;\"><div class=\"wp-block-cover__inner-container is-layout-flow wp-block-cover-is-layout-flow\">\n<div class=\"wp-block-buttons aligncenter is-layout-flex wp-block-buttons-is-layout-flex\">\n<div class=\"wp-block-button is-style-fill\"><a class=\"wp-block-button__link has-text-color has-background\" href=\"http:\/\/programagestaointeligente.com.br\/site\/categoria\/mercado\/\" style=\"border-radius:50px;background-color:#ff6f00;color:#fffffa\"><strong>MAIS<\/strong> <strong>ESTUDO DO MERCADO<\/strong><\/a><\/div>\n<\/div>\n\n\n\n<div class=\"wp-block-columns is-layout-flex wp-container-core-columns-is-layout-9d6595d7 wp-block-columns-is-layout-flex\">\n<div class=\"wp-block-column is-layout-flow wp-block-column-is-layout-flow\"><\/div>\n\n\n\n<div class=\"wp-block-column is-layout-flow wp-block-column-is-layout-flow\">\n<p><strong>Pre\u00e7o e Honor\u00e1rios Justos<\/strong><\/p>\n\n\n\n<p class=\"has-text-align-right\">Sobre os balizadores\/refer\u00eancias para a determina\u00e7\u00e3o do valor justo e correto para determinar seus pr\u00f3prios honor\u00e1rios<\/p>\n\n\n\n<p><strong>Negocia\u00e7\u00e3o<\/strong><\/p>\n\n\n\n<p class=\"has-text-align-right\">Sobre a as estrat\u00e9gias de negocia\u00e7\u00e3o de valores justos para seus honor\u00e1rios com os conv\u00eanios e os clientes particulares<\/p>\n\n\n\n<p><strong>Aquisi\u00e7\u00e3o de Clientes<\/strong><\/p>\n\n\n\n<p class=\"has-text-align-right\">Sobre a as estrat\u00e9gias e os custos envolvidos na aquisi\u00e7\u00e3o de novos clientes para seu consult\u00f3rio ou cl\u00ednica<\/p>\n\n\n\n<p><strong>Reten\u00e7\u00e3o de Clientes<\/strong><\/p>\n\n\n\n<p class=\"has-text-align-right\">Sobre a as estrat\u00e9gias e os custos envolvidos na manuten\u00e7\u00e3o e retorno dos atuais clientes e diminui\u00e7\u00e3o do churn rate<\/p>\n<\/div>\n\n\n\n<div class=\"wp-block-column is-layout-flow wp-block-column-is-layout-flow\"><\/div>\n<\/div>\n\n\n\n<div class=\"wp-block-buttons aligncenter is-layout-flex wp-block-buttons-is-layout-flex\">\n<div class=\"wp-block-button is-style-fill\"><a class=\"wp-block-button__link has-text-color has-background\" href=\"http:\/\/programagestaointeligente.com.br\/site\/categoria\/mercado\/\" style=\"border-radius:50px;background-color:#ff6f00;color:#fffffa\"><strong>MAIS<\/strong> <strong>ESTUDO DO MERCADO<\/strong><\/a><\/div>\n<\/div>\n<\/div><\/div>\n\n\n\n<div class=\"wp-block-buttons aligncenter is-layout-flex wp-block-buttons-is-layout-flex\">\n<div class=\"wp-block-button is-style-outline is-style-outline--2\"><a class=\"wp-block-button__link has-midnight-grey-color has-text-color\" href=\"https:\/\/programagestaointeligente.com.br\/site\/programa-gestao-inteligente\/\" style=\"border-radius:50px\"><strong><strong>MAIS PROGRAMA GEST\u00c3O INTELIGENTE<\/strong><\/strong><\/a><\/div>\n<\/div>\n\n\n\n<p><\/p>\n","protected":false},"excerpt":{"rendered":"<p>MAIS ESTUDO DO MERCADO Pre\u00e7o e Honor\u00e1rios Justos Sobre os balizadores\/refer\u00eancias para a determina\u00e7\u00e3o do valor justo e correto para determinar seus pr\u00f3prios honor\u00e1rios Negocia\u00e7\u00e3o Sobre a as estrat\u00e9gias de negocia\u00e7\u00e3o de valores justos para seus honor\u00e1rios com os conv\u00eanios e os clientes particulares Aquisi\u00e7\u00e3o de Clientes Sobre a as estrat\u00e9gias e os custos envolvidos na aquisi\u00e7\u00e3o de novos clientes para seu consult\u00f3rio ou cl\u00ednica Reten\u00e7\u00e3o de Clientes Sobre a as estrat\u00e9gias e os custos envolvidos na manuten\u00e7\u00e3o e retorno dos atuais clientes e diminui\u00e7\u00e3o <a href=\"https:\/\/programagestaointeligente.com.br\/site\/mercado\/\" class=\"more-link\"><span>Leia mais<\/span>\u2192<\/a><\/p>\n","protected":false},"author":1,"featured_media":0,"parent":0,"menu_order":1,"comment_status":"closed","ping_status":"closed","template":"templates\/tpl-helper-pb.php","meta":{"footnotes":""},"class_list":["entry","author-fausto-stangler","post-121","page","type-page","status-publish"],"yoast_head":"<!-- This site is optimized with the Yoast SEO plugin v27.4 - https:\/\/yoast.com\/product\/yoast-seo-wordpress\/ -->\n<title>Estudo do Mercado - Programa Gest\u00e3o Inteligente<\/title>\n<meta name=\"robots\" content=\"index, follow, max-snippet:-1, max-image-preview:large, max-video-preview:-1\" \/>\n<link rel=\"canonical\" href=\"https:\/\/programagestaointeligente.com.br\/site\/mercado\/\" \/>\n<meta property=\"og:locale\" content=\"pt_BR\" \/>\n<meta property=\"og:type\" content=\"article\" \/>\n<meta property=\"og:title\" content=\"Estudo do Mercado - Programa Gest\u00e3o Inteligente\" \/>\n<meta property=\"og:description\" content=\"MAIS ESTUDO DO MERCADO Pre\u00e7o e Honor\u00e1rios Justos Sobre os balizadores\/refer\u00eancias para a determina\u00e7\u00e3o do valor justo e correto para determinar seus pr\u00f3prios honor\u00e1rios Negocia\u00e7\u00e3o Sobre a as estrat\u00e9gias de negocia\u00e7\u00e3o de valores justos para seus honor\u00e1rios com os conv\u00eanios e os clientes particulares Aquisi\u00e7\u00e3o de Clientes Sobre a as estrat\u00e9gias e os custos envolvidos na aquisi\u00e7\u00e3o de novos clientes para seu consult\u00f3rio ou cl\u00ednica Reten\u00e7\u00e3o de Clientes Sobre a as estrat\u00e9gias e os custos envolvidos na manuten\u00e7\u00e3o e retorno dos atuais clientes e diminui\u00e7\u00e3o Leia mais\u2192\" \/>\n<meta property=\"og:url\" content=\"https:\/\/programagestaointeligente.com.br\/site\/mercado\/\" \/>\n<meta property=\"og:site_name\" content=\"Programa Gest\u00e3o Inteligente\" \/>\n<meta property=\"article:modified_time\" content=\"2020-12-26T13:52:19+00:00\" \/>\n<meta name=\"twitter:card\" content=\"summary_large_image\" \/>\n<meta name=\"twitter:label1\" content=\"Est. tempo de leitura\" \/>\n\t<meta name=\"twitter:data1\" content=\"1 minuto\" \/>\n<script type=\"application\/ld+json\" class=\"yoast-schema-graph\">{\"@context\":\"https:\\\/\\\/schema.org\",\"@graph\":[{\"@type\":\"WebPage\",\"@id\":\"https:\\\/\\\/programagestaointeligente.com.br\\\/site\\\/mercado\\\/\",\"url\":\"https:\\\/\\\/programagestaointeligente.com.br\\\/site\\\/mercado\\\/\",\"name\":\"Estudo do Mercado - Programa Gest\u00e3o Inteligente\",\"isPartOf\":{\"@id\":\"https:\\\/\\\/programagestaointeligente.com.br\\\/site\\\/#website\"},\"datePublished\":\"2020-12-26T11:33:00+00:00\",\"dateModified\":\"2020-12-26T13:52:19+00:00\",\"breadcrumb\":{\"@id\":\"https:\\\/\\\/programagestaointeligente.com.br\\\/site\\\/mercado\\\/#breadcrumb\"},\"inLanguage\":\"pt-BR\",\"potentialAction\":[{\"@type\":\"ReadAction\",\"target\":[\"https:\\\/\\\/programagestaointeligente.com.br\\\/site\\\/mercado\\\/\"]}]},{\"@type\":\"BreadcrumbList\",\"@id\":\"https:\\\/\\\/programagestaointeligente.com.br\\\/site\\\/mercado\\\/#breadcrumb\",\"itemListElement\":[{\"@type\":\"ListItem\",\"position\":1,\"name\":\"In\u00edcio\",\"item\":\"https:\\\/\\\/programagestaointeligente.com.br\\\/site\\\/\"},{\"@type\":\"ListItem\",\"position\":2,\"name\":\"Estudo do Mercado\"}]},{\"@type\":\"WebSite\",\"@id\":\"https:\\\/\\\/programagestaointeligente.com.br\\\/site\\\/#website\",\"url\":\"https:\\\/\\\/programagestaointeligente.com.br\\\/site\\\/\",\"name\":\"Programa Gest\u00e3o Inteligente\",\"description\":\"A Gest\u00e3o Inteligente do Consult\u00f3rio permite identificar e selecionar os melhores pacientes, ser bem remunerado por isso, e atingir mais qualidade de vida com menos desgaste profissional\",\"publisher\":{\"@id\":\"https:\\\/\\\/programagestaointeligente.com.br\\\/site\\\/#organization\"},\"potentialAction\":[{\"@type\":\"SearchAction\",\"target\":{\"@type\":\"EntryPoint\",\"urlTemplate\":\"https:\\\/\\\/programagestaointeligente.com.br\\\/site\\\/?s={search_term_string}\"},\"query-input\":{\"@type\":\"PropertyValueSpecification\",\"valueRequired\":true,\"valueName\":\"search_term_string\"}}],\"inLanguage\":\"pt-BR\"},{\"@type\":\"Organization\",\"@id\":\"https:\\\/\\\/programagestaointeligente.com.br\\\/site\\\/#organization\",\"name\":\"Programa Gest\u00e3o Inteligente\",\"url\":\"https:\\\/\\\/programagestaointeligente.com.br\\\/site\\\/\",\"logo\":{\"@type\":\"ImageObject\",\"inLanguage\":\"pt-BR\",\"@id\":\"https:\\\/\\\/programagestaointeligente.com.br\\\/site\\\/#\\\/schema\\\/logo\\\/image\\\/\",\"url\":\"https:\\\/\\\/programagestaointeligente.com.br\\\/site\\\/wp-content\\\/uploads\\\/2020\\\/10\\\/logo_PGI.png\",\"contentUrl\":\"https:\\\/\\\/programagestaointeligente.com.br\\\/site\\\/wp-content\\\/uploads\\\/2020\\\/10\\\/logo_PGI.png\",\"width\":1600,\"height\":1600,\"caption\":\"Programa Gest\u00e3o Inteligente\"},\"image\":{\"@id\":\"https:\\\/\\\/programagestaointeligente.com.br\\\/site\\\/#\\\/schema\\\/logo\\\/image\\\/\"}}]}<\/script>\n<!-- \/ Yoast SEO plugin. -->","yoast_head_json":{"title":"Estudo do Mercado - Programa Gest\u00e3o Inteligente","robots":{"index":"index","follow":"follow","max-snippet":"max-snippet:-1","max-image-preview":"max-image-preview:large","max-video-preview":"max-video-preview:-1"},"canonical":"https:\/\/programagestaointeligente.com.br\/site\/mercado\/","og_locale":"pt_BR","og_type":"article","og_title":"Estudo do Mercado - Programa Gest\u00e3o Inteligente","og_description":"MAIS ESTUDO DO MERCADO Pre\u00e7o e Honor\u00e1rios Justos Sobre os balizadores\/refer\u00eancias para a determina\u00e7\u00e3o do valor justo e correto para determinar seus pr\u00f3prios honor\u00e1rios Negocia\u00e7\u00e3o Sobre a as estrat\u00e9gias de negocia\u00e7\u00e3o de valores justos para seus honor\u00e1rios com os conv\u00eanios e os clientes particulares Aquisi\u00e7\u00e3o de Clientes Sobre a as estrat\u00e9gias e os custos envolvidos na aquisi\u00e7\u00e3o de novos clientes para seu consult\u00f3rio ou cl\u00ednica Reten\u00e7\u00e3o de Clientes Sobre a as estrat\u00e9gias e os custos envolvidos na manuten\u00e7\u00e3o e retorno dos atuais clientes e diminui\u00e7\u00e3o Leia mais\u2192","og_url":"https:\/\/programagestaointeligente.com.br\/site\/mercado\/","og_site_name":"Programa Gest\u00e3o Inteligente","article_modified_time":"2020-12-26T13:52:19+00:00","twitter_card":"summary_large_image","twitter_misc":{"Est. tempo de leitura":"1 minuto"},"schema":{"@context":"https:\/\/schema.org","@graph":[{"@type":"WebPage","@id":"https:\/\/programagestaointeligente.com.br\/site\/mercado\/","url":"https:\/\/programagestaointeligente.com.br\/site\/mercado\/","name":"Estudo do Mercado - Programa Gest\u00e3o Inteligente","isPartOf":{"@id":"https:\/\/programagestaointeligente.com.br\/site\/#website"},"datePublished":"2020-12-26T11:33:00+00:00","dateModified":"2020-12-26T13:52:19+00:00","breadcrumb":{"@id":"https:\/\/programagestaointeligente.com.br\/site\/mercado\/#breadcrumb"},"inLanguage":"pt-BR","potentialAction":[{"@type":"ReadAction","target":["https:\/\/programagestaointeligente.com.br\/site\/mercado\/"]}]},{"@type":"BreadcrumbList","@id":"https:\/\/programagestaointeligente.com.br\/site\/mercado\/#breadcrumb","itemListElement":[{"@type":"ListItem","position":1,"name":"In\u00edcio","item":"https:\/\/programagestaointeligente.com.br\/site\/"},{"@type":"ListItem","position":2,"name":"Estudo do Mercado"}]},{"@type":"WebSite","@id":"https:\/\/programagestaointeligente.com.br\/site\/#website","url":"https:\/\/programagestaointeligente.com.br\/site\/","name":"Programa Gest\u00e3o Inteligente","description":"A Gest\u00e3o Inteligente do Consult\u00f3rio permite identificar e selecionar os melhores pacientes, ser bem remunerado por isso, e atingir mais qualidade de vida com menos desgaste profissional","publisher":{"@id":"https:\/\/programagestaointeligente.com.br\/site\/#organization"},"potentialAction":[{"@type":"SearchAction","target":{"@type":"EntryPoint","urlTemplate":"https:\/\/programagestaointeligente.com.br\/site\/?s={search_term_string}"},"query-input":{"@type":"PropertyValueSpecification","valueRequired":true,"valueName":"search_term_string"}}],"inLanguage":"pt-BR"},{"@type":"Organization","@id":"https:\/\/programagestaointeligente.com.br\/site\/#organization","name":"Programa Gest\u00e3o Inteligente","url":"https:\/\/programagestaointeligente.com.br\/site\/","logo":{"@type":"ImageObject","inLanguage":"pt-BR","@id":"https:\/\/programagestaointeligente.com.br\/site\/#\/schema\/logo\/image\/","url":"https:\/\/programagestaointeligente.com.br\/site\/wp-content\/uploads\/2020\/10\/logo_PGI.png","contentUrl":"https:\/\/programagestaointeligente.com.br\/site\/wp-content\/uploads\/2020\/10\/logo_PGI.png","width":1600,"height":1600,"caption":"Programa Gest\u00e3o Inteligente"},"image":{"@id":"https:\/\/programagestaointeligente.com.br\/site\/#\/schema\/logo\/image\/"}}]}},"_links":{"self":[{"href":"https:\/\/programagestaointeligente.com.br\/site\/wp-json\/wp\/v2\/pages\/121","targetHints":{"allow":["GET"]}}],"collection":[{"href":"https:\/\/programagestaointeligente.com.br\/site\/wp-json\/wp\/v2\/pages"}],"about":[{"href":"https:\/\/programagestaointeligente.com.br\/site\/wp-json\/wp\/v2\/types\/page"}],"author":[{"embeddable":true,"href":"https:\/\/programagestaointeligente.com.br\/site\/wp-json\/wp\/v2\/users\/1"}],"replies":[{"embeddable":true,"href":"https:\/\/programagestaointeligente.com.br\/site\/wp-json\/wp\/v2\/comments?post=121"}],"version-history":[{"count":27,"href":"https:\/\/programagestaointeligente.com.br\/site\/wp-json\/wp\/v2\/pages\/121\/revisions"}],"predecessor-version":[{"id":230,"href":"https:\/\/programagestaointeligente.com.br\/site\/wp-json\/wp\/v2\/pages\/121\/revisions\/230"}],"wp:attachment":[{"href":"https:\/\/programagestaointeligente.com.br\/site\/wp-json\/wp\/v2\/media?parent=121"}],"curies":[{"name":"wp","href":"https:\/\/api.w.org\/{rel}","templated":true}]}}