{"id":116,"date":"2020-12-26T08:28:07","date_gmt":"2020-12-26T11:28:07","guid":{"rendered":"http:\/\/programagestaointeligente.com.br\/site\/home-copy\/"},"modified":"2021-03-06T11:56:14","modified_gmt":"2021-03-06T14:56:14","slug":"programa-gestao-inteligente","status":"publish","type":"page","link":"https:\/\/programagestaointeligente.com.br\/site\/programa-gestao-inteligente\/","title":{"rendered":"Programa Gest\u00e3o Inteligente"},"content":{"rendered":"\n<div class=\"wp-block-cover alignfull has-background-dim has-parallax is-position-center-center\" style=\"background-image:url(http:\/\/programagestaointeligente.com.br\/site\/wp-content\/uploads\/fluxo-de-trabalho-original-scaled.jpg);background-color:#3f51b5;min-height:430px;aspect-ratio:unset;\"><div class=\"wp-block-cover__inner-container is-layout-flow wp-block-cover-is-layout-flow\">\n<div class=\"wp-block-buttons aligncenter is-layout-flex wp-block-buttons-is-layout-flex\">\n<div class=\"wp-block-button is-style-fill\"><a class=\"wp-block-button__link has-text-color has-background\" href=\"http:\/\/programagestaointeligente.com.br\/site\/categoria\/mercado\/\" style=\"border-radius:50px;background-color:#ff6f00;color:#fffffa\"><strong>ESTUDO DO MERCADO<\/strong><\/a><\/div>\n\n\n\n<div class=\"wp-block-button is-style-fill\"><a class=\"wp-block-button__link has-text-color has-background\" href=\"https:\/\/programagestaointeligente.com.br\/site\/categoria\/contabilidade\/\" style=\"border-radius:50px;background-color:#ff6f00;color:#fffffa\"><strong>CONTABILIDADE M\u00c9DICA<\/strong><\/a><\/div>\n\n\n\n<div class=\"wp-block-button is-style-fill\"><a class=\"wp-block-button__link has-text-color has-background\" href=\"https:\/\/programagestaointeligente.com.br\/site\/categoria\/rh\/\" style=\"border-radius:50px;background-color:#ff6f00;color:#fffffa\"><strong>RECURSOS HUMANOS<\/strong><\/a><\/div>\n\n\n\n<div class=\"wp-block-button is-style-fill\"><a class=\"wp-block-button__link has-text-color has-background\" href=\"https:\/\/programagestaointeligente.com.br\/site\/categoria\/renda\/\" style=\"border-radius:50px;background-color:#ff6f00;color:#fffffa\"><strong>TRABALHO M\u00c9DICO E RENDA<\/strong><\/a><\/div>\n<\/div>\n<\/div><\/div>\n\n\n\n<div class=\"wp-block-cover alignfull has-background-dim has-parallax is-position-center-center\" style=\"background-image:url(http:\/\/programagestaointeligente.com.br\/site\/wp-content\/uploads\/fluxo-de-trabalho-original-scaled.jpg);background-color:#ff9800;min-height:430px;aspect-ratio:unset;\"><div class=\"wp-block-cover__inner-container is-layout-flow wp-block-cover-is-layout-flow\">\n<div class=\"wp-block-buttons aligncenter is-layout-flex wp-block-buttons-is-layout-flex\">\n<div class=\"wp-block-button is-style-fill\"><a class=\"wp-block-button__link has-text-color has-background\" href=\"https:\/\/programagestaointeligente.com.br\/site\/categoria\/investimento\/\" style=\"border-radius:50px;background-color:#0d47a1;color:#fffffa\"><strong>APOSENTADORIA<\/strong><\/a><\/div>\n\n\n\n<div class=\"wp-block-button is-style-fill\"><a class=\"wp-block-button__link has-text-color has-background\" href=\"https:\/\/programagestaointeligente.com.br\/site\/categoria\/posicionamento\/\" style=\"border-radius:50px;background-color:#0d47a1;color:#fffffa\"><strong>POSICIONAMENTO E MARKETING<\/strong><\/a><\/div>\n\n\n\n<div class=\"wp-block-button is-style-fill\"><a class=\"wp-block-button__link has-text-color has-background\" href=\"https:\/\/programagestaointeligente.com.br\/site\/categoria\/financas\/\" style=\"border-radius:50px;background-color:#0d47a1;color:#fffffa\"><strong>FINAN\u00c7AS PESSOAIS DO M\u00c9DICO<\/strong><\/a><\/div>\n\n\n\n<div class=\"wp-block-button is-style-fill\"><a class=\"wp-block-button__link has-text-color has-background\" href=\"https:\/\/programagestaointeligente.com.br\/site\/categoria\/mindset\/\" style=\"border-radius:50px;background-color:#0d47a1;color:#fffffa\"><strong>PRODUTIVIDADE E MENTALIDADE<\/strong><\/a><\/div>\n<\/div>\n<\/div><\/div>\n\n\n\n<div class=\"wp-block-buttons aligncenter is-layout-flex wp-block-buttons-is-layout-flex\">\n<div class=\"wp-block-button is-style-outline is-style-outline--2\"><a class=\"wp-block-button__link has-midnight-grey-color has-text-color\" href=\"https:\/\/programagestaointeligente.com.br\/site\/\" style=\"border-radius:50px\"><strong><strong>VOLTAR<\/strong><\/strong><\/a><\/div>\n<\/div>\n\n\n\n<p><\/p>\n","protected":false},"excerpt":{"rendered":"<p>ESTUDO DO MERCADO CONTABILIDADE M\u00c9DICA RECURSOS HUMANOS TRABALHO M\u00c9DICO E RENDA APOSENTADORIA POSICIONAMENTO E MARKETING FINAN\u00c7AS PESSOAIS DO M\u00c9DICO PRODUTIVIDADE E MENTALIDADE VOLTAR<\/p>\n","protected":false},"author":1,"featured_media":0,"parent":0,"menu_order":0,"comment_status":"closed","ping_status":"closed","template":"templates\/tpl-helper-pb.php","meta":{"footnotes":""},"class_list":["entry","author-fausto-stangler","post-116","page","type-page","status-publish"],"yoast_head":"<!-- This site is optimized with the Yoast SEO plugin v27.4 - https:\/\/yoast.com\/product\/yoast-seo-wordpress\/ -->\n<title>Programa Gest\u00e3o Inteligente - Programa Gest\u00e3o Inteligente<\/title>\n<meta name=\"robots\" content=\"index, follow, max-snippet:-1, max-image-preview:large, max-video-preview:-1\" \/>\n<link rel=\"canonical\" href=\"https:\/\/programagestaointeligente.com.br\/site\/programa-gestao-inteligente\/\" \/>\n<meta property=\"og:locale\" content=\"pt_BR\" \/>\n<meta property=\"og:type\" content=\"article\" \/>\n<meta property=\"og:title\" content=\"Programa Gest\u00e3o Inteligente - Programa Gest\u00e3o Inteligente\" \/>\n<meta property=\"og:description\" content=\"ESTUDO DO MERCADO CONTABILIDADE M\u00c9DICA RECURSOS HUMANOS TRABALHO M\u00c9DICO E RENDA APOSENTADORIA POSICIONAMENTO E MARKETING FINAN\u00c7AS PESSOAIS DO M\u00c9DICO PRODUTIVIDADE E MENTALIDADE VOLTAR\" \/>\n<meta property=\"og:url\" content=\"https:\/\/programagestaointeligente.com.br\/site\/programa-gestao-inteligente\/\" \/>\n<meta property=\"og:site_name\" content=\"Programa Gest\u00e3o Inteligente\" \/>\n<meta property=\"article:modified_time\" content=\"2021-03-06T14:56:14+00:00\" \/>\n<meta name=\"twitter:card\" content=\"summary_large_image\" \/>\n<meta name=\"twitter:label1\" content=\"Est. tempo de leitura\" \/>\n\t<meta name=\"twitter:data1\" content=\"1 minuto\" \/>\n<script type=\"application\/ld+json\" class=\"yoast-schema-graph\">{\"@context\":\"https:\\\/\\\/schema.org\",\"@graph\":[{\"@type\":\"WebPage\",\"@id\":\"https:\\\/\\\/programagestaointeligente.com.br\\\/site\\\/programa-gestao-inteligente\\\/\",\"url\":\"https:\\\/\\\/programagestaointeligente.com.br\\\/site\\\/programa-gestao-inteligente\\\/\",\"name\":\"Programa Gest\u00e3o Inteligente - Programa Gest\u00e3o Inteligente\",\"isPartOf\":{\"@id\":\"https:\\\/\\\/programagestaointeligente.com.br\\\/site\\\/#website\"},\"datePublished\":\"2020-12-26T11:28:07+00:00\",\"dateModified\":\"2021-03-06T14:56:14+00:00\",\"breadcrumb\":{\"@id\":\"https:\\\/\\\/programagestaointeligente.com.br\\\/site\\\/programa-gestao-inteligente\\\/#breadcrumb\"},\"inLanguage\":\"pt-BR\",\"potentialAction\":[{\"@type\":\"ReadAction\",\"target\":[\"https:\\\/\\\/programagestaointeligente.com.br\\\/site\\\/programa-gestao-inteligente\\\/\"]}]},{\"@type\":\"BreadcrumbList\",\"@id\":\"https:\\\/\\\/programagestaointeligente.com.br\\\/site\\\/programa-gestao-inteligente\\\/#breadcrumb\",\"itemListElement\":[{\"@type\":\"ListItem\",\"position\":1,\"name\":\"In\u00edcio\",\"item\":\"https:\\\/\\\/programagestaointeligente.com.br\\\/site\\\/\"},{\"@type\":\"ListItem\",\"position\":2,\"name\":\"Programa Gest\u00e3o Inteligente\"}]},{\"@type\":\"WebSite\",\"@id\":\"https:\\\/\\\/programagestaointeligente.com.br\\\/site\\\/#website\",\"url\":\"https:\\\/\\\/programagestaointeligente.com.br\\\/site\\\/\",\"name\":\"Programa Gest\u00e3o Inteligente\",\"description\":\"A Gest\u00e3o Inteligente do Consult\u00f3rio permite identificar e selecionar os melhores pacientes, ser bem remunerado por isso, e atingir mais qualidade de vida com menos desgaste profissional\",\"publisher\":{\"@id\":\"https:\\\/\\\/programagestaointeligente.com.br\\\/site\\\/#organization\"},\"potentialAction\":[{\"@type\":\"SearchAction\",\"target\":{\"@type\":\"EntryPoint\",\"urlTemplate\":\"https:\\\/\\\/programagestaointeligente.com.br\\\/site\\\/?s={search_term_string}\"},\"query-input\":{\"@type\":\"PropertyValueSpecification\",\"valueRequired\":true,\"valueName\":\"search_term_string\"}}],\"inLanguage\":\"pt-BR\"},{\"@type\":\"Organization\",\"@id\":\"https:\\\/\\\/programagestaointeligente.com.br\\\/site\\\/#organization\",\"name\":\"Programa Gest\u00e3o Inteligente\",\"url\":\"https:\\\/\\\/programagestaointeligente.com.br\\\/site\\\/\",\"logo\":{\"@type\":\"ImageObject\",\"inLanguage\":\"pt-BR\",\"@id\":\"https:\\\/\\\/programagestaointeligente.com.br\\\/site\\\/#\\\/schema\\\/logo\\\/image\\\/\",\"url\":\"https:\\\/\\\/programagestaointeligente.com.br\\\/site\\\/wp-content\\\/uploads\\\/2020\\\/10\\\/logo_PGI.png\",\"contentUrl\":\"https:\\\/\\\/programagestaointeligente.com.br\\\/site\\\/wp-content\\\/uploads\\\/2020\\\/10\\\/logo_PGI.png\",\"width\":1600,\"height\":1600,\"caption\":\"Programa Gest\u00e3o Inteligente\"},\"image\":{\"@id\":\"https:\\\/\\\/programagestaointeligente.com.br\\\/site\\\/#\\\/schema\\\/logo\\\/image\\\/\"}}]}<\/script>\n<!-- \/ Yoast SEO plugin. -->","yoast_head_json":{"title":"Programa Gest\u00e3o Inteligente - Programa Gest\u00e3o Inteligente","robots":{"index":"index","follow":"follow","max-snippet":"max-snippet:-1","max-image-preview":"max-image-preview:large","max-video-preview":"max-video-preview:-1"},"canonical":"https:\/\/programagestaointeligente.com.br\/site\/programa-gestao-inteligente\/","og_locale":"pt_BR","og_type":"article","og_title":"Programa Gest\u00e3o Inteligente - Programa Gest\u00e3o Inteligente","og_description":"ESTUDO DO MERCADO CONTABILIDADE M\u00c9DICA RECURSOS HUMANOS TRABALHO M\u00c9DICO E RENDA APOSENTADORIA POSICIONAMENTO E MARKETING FINAN\u00c7AS PESSOAIS DO M\u00c9DICO PRODUTIVIDADE E MENTALIDADE VOLTAR","og_url":"https:\/\/programagestaointeligente.com.br\/site\/programa-gestao-inteligente\/","og_site_name":"Programa Gest\u00e3o Inteligente","article_modified_time":"2021-03-06T14:56:14+00:00","twitter_card":"summary_large_image","twitter_misc":{"Est. tempo de leitura":"1 minuto"},"schema":{"@context":"https:\/\/schema.org","@graph":[{"@type":"WebPage","@id":"https:\/\/programagestaointeligente.com.br\/site\/programa-gestao-inteligente\/","url":"https:\/\/programagestaointeligente.com.br\/site\/programa-gestao-inteligente\/","name":"Programa Gest\u00e3o Inteligente - Programa Gest\u00e3o Inteligente","isPartOf":{"@id":"https:\/\/programagestaointeligente.com.br\/site\/#website"},"datePublished":"2020-12-26T11:28:07+00:00","dateModified":"2021-03-06T14:56:14+00:00","breadcrumb":{"@id":"https:\/\/programagestaointeligente.com.br\/site\/programa-gestao-inteligente\/#breadcrumb"},"inLanguage":"pt-BR","potentialAction":[{"@type":"ReadAction","target":["https:\/\/programagestaointeligente.com.br\/site\/programa-gestao-inteligente\/"]}]},{"@type":"BreadcrumbList","@id":"https:\/\/programagestaointeligente.com.br\/site\/programa-gestao-inteligente\/#breadcrumb","itemListElement":[{"@type":"ListItem","position":1,"name":"In\u00edcio","item":"https:\/\/programagestaointeligente.com.br\/site\/"},{"@type":"ListItem","position":2,"name":"Programa Gest\u00e3o Inteligente"}]},{"@type":"WebSite","@id":"https:\/\/programagestaointeligente.com.br\/site\/#website","url":"https:\/\/programagestaointeligente.com.br\/site\/","name":"Programa Gest\u00e3o Inteligente","description":"A Gest\u00e3o Inteligente do Consult\u00f3rio permite identificar e selecionar os melhores pacientes, ser bem remunerado por isso, e atingir mais qualidade de vida com menos desgaste profissional","publisher":{"@id":"https:\/\/programagestaointeligente.com.br\/site\/#organization"},"potentialAction":[{"@type":"SearchAction","target":{"@type":"EntryPoint","urlTemplate":"https:\/\/programagestaointeligente.com.br\/site\/?s={search_term_string}"},"query-input":{"@type":"PropertyValueSpecification","valueRequired":true,"valueName":"search_term_string"}}],"inLanguage":"pt-BR"},{"@type":"Organization","@id":"https:\/\/programagestaointeligente.com.br\/site\/#organization","name":"Programa Gest\u00e3o Inteligente","url":"https:\/\/programagestaointeligente.com.br\/site\/","logo":{"@type":"ImageObject","inLanguage":"pt-BR","@id":"https:\/\/programagestaointeligente.com.br\/site\/#\/schema\/logo\/image\/","url":"https:\/\/programagestaointeligente.com.br\/site\/wp-content\/uploads\/2020\/10\/logo_PGI.png","contentUrl":"https:\/\/programagestaointeligente.com.br\/site\/wp-content\/uploads\/2020\/10\/logo_PGI.png","width":1600,"height":1600,"caption":"Programa Gest\u00e3o Inteligente"},"image":{"@id":"https:\/\/programagestaointeligente.com.br\/site\/#\/schema\/logo\/image\/"}}]}},"_links":{"self":[{"href":"https:\/\/programagestaointeligente.com.br\/site\/wp-json\/wp\/v2\/pages\/116","targetHints":{"allow":["GET"]}}],"collection":[{"href":"https:\/\/programagestaointeligente.com.br\/site\/wp-json\/wp\/v2\/pages"}],"about":[{"href":"https:\/\/programagestaointeligente.com.br\/site\/wp-json\/wp\/v2\/types\/page"}],"author":[{"embeddable":true,"href":"https:\/\/programagestaointeligente.com.br\/site\/wp-json\/wp\/v2\/users\/1"}],"replies":[{"embeddable":true,"href":"https:\/\/programagestaointeligente.com.br\/site\/wp-json\/wp\/v2\/comments?post=116"}],"version-history":[{"count":9,"href":"https:\/\/programagestaointeligente.com.br\/site\/wp-json\/wp\/v2\/pages\/116\/revisions"}],"predecessor-version":[{"id":731,"href":"https:\/\/programagestaointeligente.com.br\/site\/wp-json\/wp\/v2\/pages\/116\/revisions\/731"}],"wp:attachment":[{"href":"https:\/\/programagestaointeligente.com.br\/site\/wp-json\/wp\/v2\/media?parent=116"}],"curies":[{"name":"wp","href":"https:\/\/api.w.org\/{rel}","templated":true}]}}